{"id":728,"date":"2024-04-23T22:57:13","date_gmt":"2024-04-24T01:57:13","guid":{"rendered":"https:\/\/mcboxepersianas.com.br\/?page_id=728"},"modified":"2024-04-23T22:57:13","modified_gmt":"2024-04-24T01:57:13","slug":"box-para-banheiro","status":"publish","type":"page","link":"https:\/\/mcboxepersianas.com.br\/index.php\/box-para-banheiro\/","title":{"rendered":"Box para Banheiro"},"content":{"rendered":"\n<p>Se voc\u00ea est\u00e1 procurando uma maneira de adicionar estilo e funcionalidade ao seu banheiro, n\u00e3o procure mais! Na MC Box e Persianas, oferecemos uma ampla gama de op\u00e7\u00f5es de boxes para banheiros que s\u00e3o perfeitos para qualquer estilo de decora\u00e7\u00e3o e necessidade.<\/p>\n\n\n\n<p>Nossos boxes s\u00e3o projetados com aten\u00e7\u00e3o aos detalhes, garantindo durabilidade, facilidade de limpeza e uma est\u00e9tica moderna para o seu banheiro. Com uma variedade de materiais, estilos e acabamentos dispon\u00edveis, estamos confiantes de que temos o box perfeito para complementar o seu espa\u00e7o<\/p>\n\n\n\n<figure class=\"wp-block-gallery has-nested-images columns-5 is-cropped wp-block-gallery-1 is-layout-flex wp-block-gallery-is-layout-flex\">\n<figure class=\"wp-block-image size-large\"><img loading=\"lazy\" decoding=\"async\" width=\"473\" height=\"597\" data-id=\"729\" src=\"https:\/\/mcboxepersianas.com.br\/wp-content\/uploads\/2024\/04\/IMG-20240404-WA0025.jpg\" alt=\"\" class=\"wp-image-729\" srcset=\"https:\/\/mcboxepersianas.com.br\/wp-content\/uploads\/2024\/04\/IMG-20240404-WA0025.jpg 473w, https:\/\/mcboxepersianas.com.br\/wp-content\/uploads\/2024\/04\/IMG-20240404-WA0025-238x300.jpg 238w\" sizes=\"auto, (max-width: 473px) 100vw, 473px\" \/><\/figure>\n\n\n\n<figure class=\"wp-block-image size-large\"><img loading=\"lazy\" decoding=\"async\" width=\"414\" height=\"522\" data-id=\"730\" src=\"https:\/\/mcboxepersianas.com.br\/wp-content\/uploads\/2024\/04\/IMG-20240404-WA0035.jpg\" alt=\"\" class=\"wp-image-730\" srcset=\"https:\/\/mcboxepersianas.com.br\/wp-content\/uploads\/2024\/04\/IMG-20240404-WA0035.jpg 414w, https:\/\/mcboxepersianas.com.br\/wp-content\/uploads\/2024\/04\/IMG-20240404-WA0035-238x300.jpg 238w\" sizes=\"auto, (max-width: 414px) 100vw, 414px\" \/><\/figure>\n\n\n\n<figure class=\"wp-block-image size-large\"><img loading=\"lazy\" decoding=\"async\" width=\"414\" height=\"522\" data-id=\"731\" src=\"https:\/\/mcboxepersianas.com.br\/wp-content\/uploads\/2024\/04\/IMG-20240404-WA0036.jpg\" alt=\"\" class=\"wp-image-731\" srcset=\"https:\/\/mcboxepersianas.com.br\/wp-content\/uploads\/2024\/04\/IMG-20240404-WA0036.jpg 414w, https:\/\/mcboxepersianas.com.br\/wp-content\/uploads\/2024\/04\/IMG-20240404-WA0036-238x300.jpg 238w\" sizes=\"auto, (max-width: 414px) 100vw, 414px\" \/><\/figure>\n\n\n\n<figure class=\"wp-block-image size-large\"><img loading=\"lazy\" decoding=\"async\" width=\"720\" height=\"960\" data-id=\"732\" src=\"https:\/\/mcboxepersianas.com.br\/wp-content\/uploads\/2024\/04\/IMG-20240404-WA0040.jpg\" alt=\"\" class=\"wp-image-732\" srcset=\"https:\/\/mcboxepersianas.com.br\/wp-content\/uploads\/2024\/04\/IMG-20240404-WA0040.jpg 720w, https:\/\/mcboxepersianas.com.br\/wp-content\/uploads\/2024\/04\/IMG-20240404-WA0040-225x300.jpg 225w\" sizes=\"auto, (max-width: 720px) 100vw, 720px\" \/><\/figure>\n\n\n\n<figure class=\"wp-block-image size-large\"><img loading=\"lazy\" decoding=\"async\" width=\"768\" height=\"1024\" data-id=\"733\" src=\"https:\/\/mcboxepersianas.com.br\/wp-content\/uploads\/2024\/04\/IMG-20240404-WA0042-768x1024.jpg\" alt=\"\" class=\"wp-image-733\" srcset=\"https:\/\/mcboxepersianas.com.br\/wp-content\/uploads\/2024\/04\/IMG-20240404-WA0042-768x1024.jpg 768w, https:\/\/mcboxepersianas.com.br\/wp-content\/uploads\/2024\/04\/IMG-20240404-WA0042-225x300.jpg 225w, https:\/\/mcboxepersianas.com.br\/wp-content\/uploads\/2024\/04\/IMG-20240404-WA0042-1152x1536.jpg 1152w, https:\/\/mcboxepersianas.com.br\/wp-content\/uploads\/2024\/04\/IMG-20240404-WA0042.jpg 1200w\" sizes=\"auto, (max-width: 768px) 100vw, 768px\" \/><\/figure>\n<\/figure>\n","protected":false},"excerpt":{"rendered":"<p>Se voc\u00ea est\u00e1 procurando uma maneira de adicionar estilo e funcionalidade ao seu banheiro, n\u00e3o procure mais! Na MC Box e Persianas, oferecemos uma ampla gama de op\u00e7\u00f5es de boxes para banheiros que s\u00e3o perfeitos para qualquer estilo de decora\u00e7\u00e3o e necessidade. Nossos boxes s\u00e3o projetados com aten\u00e7\u00e3o aos detalhes, garantindo durabilidade, facilidade de limpeza [&hellip;]<\/p>\n","protected":false},"author":1,"featured_media":0,"parent":0,"menu_order":0,"comment_status":"closed","ping_status":"closed","template":"","meta":{"_joinchat":[],"footnotes":""},"class_list":["post-728","page","type-page","status-publish","hentry"],"blocksy_meta":[],"featured_image_urls":{"full":"","thumbnail":"","medium":"","medium_large":"","large":"","1536x1536":"","2048x2048":""},"post_excerpt_stackable":"<p>Se voc\u00ea est\u00e1 procurando uma maneira de adicionar estilo e funcionalidade ao seu banheiro, n\u00e3o procure mais! Na MC Box e Persianas, oferecemos uma ampla gama de op\u00e7\u00f5es de boxes para banheiros que s\u00e3o perfeitos para qualquer estilo de decora\u00e7\u00e3o e necessidade. Nossos boxes s\u00e3o projetados com aten\u00e7\u00e3o aos detalhes, garantindo durabilidade, facilidade de limpeza e uma est\u00e9tica moderna para o seu banheiro. Com uma variedade de materiais, estilos e acabamentos dispon\u00edveis, estamos confiantes de que temos o box perfeito para complementar o seu espa\u00e7o<\/p>\n","category_list":"","author_info":{"name":"suporte","url":"https:\/\/mcboxepersianas.com.br\/index.php\/author\/suporte\/"},"comments_num":"0 coment\u00e1rio","_links":{"self":[{"href":"https:\/\/mcboxepersianas.com.br\/index.php\/wp-json\/wp\/v2\/pages\/728","targetHints":{"allow":["GET"]}}],"collection":[{"href":"https:\/\/mcboxepersianas.com.br\/index.php\/wp-json\/wp\/v2\/pages"}],"about":[{"href":"https:\/\/mcboxepersianas.com.br\/index.php\/wp-json\/wp\/v2\/types\/page"}],"author":[{"embeddable":true,"href":"https:\/\/mcboxepersianas.com.br\/index.php\/wp-json\/wp\/v2\/users\/1"}],"replies":[{"embeddable":true,"href":"https:\/\/mcboxepersianas.com.br\/index.php\/wp-json\/wp\/v2\/comments?post=728"}],"version-history":[{"count":1,"href":"https:\/\/mcboxepersianas.com.br\/index.php\/wp-json\/wp\/v2\/pages\/728\/revisions"}],"predecessor-version":[{"id":734,"href":"https:\/\/mcboxepersianas.com.br\/index.php\/wp-json\/wp\/v2\/pages\/728\/revisions\/734"}],"wp:attachment":[{"href":"https:\/\/mcboxepersianas.com.br\/index.php\/wp-json\/wp\/v2\/media?parent=728"}],"curies":[{"name":"wp","href":"https:\/\/api.w.org\/{rel}","templated":true}]}}