{"id":717,"date":"2024-04-23T22:55:41","date_gmt":"2024-04-24T01:55:41","guid":{"rendered":"https:\/\/mcboxepersianas.com.br\/?page_id=717"},"modified":"2024-04-23T22:55:41","modified_gmt":"2024-04-24T01:55:41","slug":"espelhos","status":"publish","type":"page","link":"https:\/\/mcboxepersianas.com.br\/index.php\/espelhos\/","title":{"rendered":"Espelhos"},"content":{"rendered":"\n<p>Quer esteja buscando ampliar visualmente o espa\u00e7o, adicionar um toque de eleg\u00e2ncia ou simplesmente necessite de um espelho funcional, na MC Box e Persianas, temos a solu\u00e7\u00e3o perfeita para voc\u00ea. Nossos espelhos personalizados oferecem uma maneira elegante e pr\u00e1tica de transformar qualquer ambiente.<\/p>\n\n\n\n<p>Dos banheiros \u00e0s \u00e1reas de estar, nossos espelhos s\u00e3o fabricados com os mais altos padr\u00f5es de qualidade, garantindo clareza, durabilidade e um acabamento impec\u00e1vel. Seja qual for o tamanho, forma ou estilo que voc\u00ea esteja procurando, nossa equipe est\u00e1 aqui para ajudar a criar o espelho perfeito para atender \u00e0s suas necessidades e combinar com o seu design interior.<\/p>\n\n\n\n<figure class=\"wp-block-gallery has-nested-images columns-5 is-cropped wp-block-gallery-1 is-layout-flex wp-block-gallery-is-layout-flex\">\n<figure class=\"wp-block-image size-large\"><img loading=\"lazy\" decoding=\"async\" width=\"576\" height=\"1024\" data-id=\"718\" src=\"https:\/\/mcboxepersianas.com.br\/wp-content\/uploads\/2024\/04\/espe-576x1024.jpg\" alt=\"\" class=\"wp-image-718\" srcset=\"https:\/\/mcboxepersianas.com.br\/wp-content\/uploads\/2024\/04\/espe-576x1024.jpg 576w, https:\/\/mcboxepersianas.com.br\/wp-content\/uploads\/2024\/04\/espe-169x300.jpg 169w, https:\/\/mcboxepersianas.com.br\/wp-content\/uploads\/2024\/04\/espe-768x1365.jpg 768w, https:\/\/mcboxepersianas.com.br\/wp-content\/uploads\/2024\/04\/espe-864x1536.jpg 864w, https:\/\/mcboxepersianas.com.br\/wp-content\/uploads\/2024\/04\/espe.jpg 900w\" sizes=\"auto, (max-width: 576px) 100vw, 576px\" \/><\/figure>\n\n\n\n<figure class=\"wp-block-image size-large\"><img loading=\"lazy\" decoding=\"async\" width=\"576\" height=\"1024\" data-id=\"719\" src=\"https:\/\/mcboxepersianas.com.br\/wp-content\/uploads\/2024\/04\/espelho-576x1024.jpg\" alt=\"\" class=\"wp-image-719\" srcset=\"https:\/\/mcboxepersianas.com.br\/wp-content\/uploads\/2024\/04\/espelho-576x1024.jpg 576w, https:\/\/mcboxepersianas.com.br\/wp-content\/uploads\/2024\/04\/espelho-169x300.jpg 169w, https:\/\/mcboxepersianas.com.br\/wp-content\/uploads\/2024\/04\/espelho.jpg 720w\" sizes=\"auto, (max-width: 576px) 100vw, 576px\" \/><\/figure>\n\n\n\n<figure class=\"wp-block-image size-large\"><img loading=\"lazy\" decoding=\"async\" width=\"768\" height=\"1024\" data-id=\"720\" src=\"https:\/\/mcboxepersianas.com.br\/wp-content\/uploads\/2024\/04\/espelho2.jpg\" alt=\"\" class=\"wp-image-720\" srcset=\"https:\/\/mcboxepersianas.com.br\/wp-content\/uploads\/2024\/04\/espelho2.jpg 768w, https:\/\/mcboxepersianas.com.br\/wp-content\/uploads\/2024\/04\/espelho2-225x300.jpg 225w\" sizes=\"auto, (max-width: 768px) 100vw, 768px\" \/><\/figure>\n\n\n\n<figure class=\"wp-block-image size-large\"><img loading=\"lazy\" decoding=\"async\" width=\"768\" height=\"1024\" data-id=\"721\" src=\"https:\/\/mcboxepersianas.com.br\/wp-content\/uploads\/2024\/04\/IMG-20240404-WA0026-768x1024.jpg\" alt=\"\" class=\"wp-image-721\" srcset=\"https:\/\/mcboxepersianas.com.br\/wp-content\/uploads\/2024\/04\/IMG-20240404-WA0026-768x1024.jpg 768w, https:\/\/mcboxepersianas.com.br\/wp-content\/uploads\/2024\/04\/IMG-20240404-WA0026-225x300.jpg 225w, https:\/\/mcboxepersianas.com.br\/wp-content\/uploads\/2024\/04\/IMG-20240404-WA0026-1152x1536.jpg 1152w, https:\/\/mcboxepersianas.com.br\/wp-content\/uploads\/2024\/04\/IMG-20240404-WA0026.jpg 1200w\" sizes=\"auto, (max-width: 768px) 100vw, 768px\" \/><\/figure>\n\n\n\n<figure class=\"wp-block-image size-large\"><img loading=\"lazy\" decoding=\"async\" width=\"768\" height=\"1024\" data-id=\"722\" src=\"https:\/\/mcboxepersianas.com.br\/wp-content\/uploads\/2024\/04\/IMG-20240404-WA0029.jpg\" alt=\"\" class=\"wp-image-722\" srcset=\"https:\/\/mcboxepersianas.com.br\/wp-content\/uploads\/2024\/04\/IMG-20240404-WA0029.jpg 768w, https:\/\/mcboxepersianas.com.br\/wp-content\/uploads\/2024\/04\/IMG-20240404-WA0029-225x300.jpg 225w\" sizes=\"auto, (max-width: 768px) 100vw, 768px\" \/><\/figure>\n\n\n\n<figure class=\"wp-block-image size-large\"><img loading=\"lazy\" decoding=\"async\" width=\"414\" height=\"528\" data-id=\"723\" src=\"https:\/\/mcboxepersianas.com.br\/wp-content\/uploads\/2024\/04\/IMG-20240404-WA0031.jpg\" alt=\"\" class=\"wp-image-723\" srcset=\"https:\/\/mcboxepersianas.com.br\/wp-content\/uploads\/2024\/04\/IMG-20240404-WA0031.jpg 414w, https:\/\/mcboxepersianas.com.br\/wp-content\/uploads\/2024\/04\/IMG-20240404-WA0031-235x300.jpg 235w\" sizes=\"auto, (max-width: 414px) 100vw, 414px\" \/><\/figure>\n\n\n\n<figure class=\"wp-block-image size-large\"><img loading=\"lazy\" decoding=\"async\" width=\"1024\" height=\"768\" data-id=\"724\" src=\"https:\/\/mcboxepersianas.com.br\/wp-content\/uploads\/2024\/04\/IMG-20240404-WA0032-1024x768.jpg\" alt=\"\" class=\"wp-image-724\" srcset=\"https:\/\/mcboxepersianas.com.br\/wp-content\/uploads\/2024\/04\/IMG-20240404-WA0032-1024x768.jpg 1024w, https:\/\/mcboxepersianas.com.br\/wp-content\/uploads\/2024\/04\/IMG-20240404-WA0032-300x225.jpg 300w, https:\/\/mcboxepersianas.com.br\/wp-content\/uploads\/2024\/04\/IMG-20240404-WA0032-768x576.jpg 768w, https:\/\/mcboxepersianas.com.br\/wp-content\/uploads\/2024\/04\/IMG-20240404-WA0032-1536x1152.jpg 1536w, https:\/\/mcboxepersianas.com.br\/wp-content\/uploads\/2024\/04\/IMG-20240404-WA0032.jpg 1600w\" sizes=\"auto, (max-width: 1024px) 100vw, 1024px\" \/><\/figure>\n\n\n\n<figure class=\"wp-block-image size-large\"><img loading=\"lazy\" decoding=\"async\" width=\"768\" height=\"1024\" data-id=\"725\" src=\"https:\/\/mcboxepersianas.com.br\/wp-content\/uploads\/2024\/04\/IMG-20240404-WA0038.jpg\" alt=\"\" class=\"wp-image-725\" srcset=\"https:\/\/mcboxepersianas.com.br\/wp-content\/uploads\/2024\/04\/IMG-20240404-WA0038.jpg 768w, https:\/\/mcboxepersianas.com.br\/wp-content\/uploads\/2024\/04\/IMG-20240404-WA0038-225x300.jpg 225w\" sizes=\"auto, (max-width: 768px) 100vw, 768px\" \/><\/figure>\n\n\n\n<figure class=\"wp-block-image size-large\"><img loading=\"lazy\" decoding=\"async\" width=\"576\" height=\"1024\" data-id=\"726\" src=\"https:\/\/mcboxepersianas.com.br\/wp-content\/uploads\/2024\/04\/IMG-20240404-WA0041-576x1024.jpg\" alt=\"\" class=\"wp-image-726\" srcset=\"https:\/\/mcboxepersianas.com.br\/wp-content\/uploads\/2024\/04\/IMG-20240404-WA0041-576x1024.jpg 576w, https:\/\/mcboxepersianas.com.br\/wp-content\/uploads\/2024\/04\/IMG-20240404-WA0041-169x300.jpg 169w, https:\/\/mcboxepersianas.com.br\/wp-content\/uploads\/2024\/04\/IMG-20240404-WA0041.jpg 720w\" sizes=\"auto, (max-width: 576px) 100vw, 576px\" \/><\/figure>\n<\/figure>\n","protected":false},"excerpt":{"rendered":"<p>Quer esteja buscando ampliar visualmente o espa\u00e7o, adicionar um toque de eleg\u00e2ncia ou simplesmente necessite de um espelho funcional, na MC Box e Persianas, temos a solu\u00e7\u00e3o perfeita para voc\u00ea. Nossos espelhos personalizados oferecem uma maneira elegante e pr\u00e1tica de transformar qualquer ambiente. Dos banheiros \u00e0s \u00e1reas de estar, nossos espelhos s\u00e3o fabricados com os [&hellip;]<\/p>\n","protected":false},"author":1,"featured_media":0,"parent":0,"menu_order":0,"comment_status":"closed","ping_status":"closed","template":"","meta":{"_joinchat":[],"footnotes":""},"class_list":["post-717","page","type-page","status-publish","hentry"],"blocksy_meta":[],"featured_image_urls":{"full":"","thumbnail":"","medium":"","medium_large":"","large":"","1536x1536":"","2048x2048":""},"post_excerpt_stackable":"<p>Quer esteja buscando ampliar visualmente o espa\u00e7o, adicionar um toque de eleg\u00e2ncia ou simplesmente necessite de um espelho funcional, na MC Box e Persianas, temos a solu\u00e7\u00e3o perfeita para voc\u00ea. Nossos espelhos personalizados oferecem uma maneira elegante e pr\u00e1tica de transformar qualquer ambiente. Dos banheiros \u00e0s \u00e1reas de estar, nossos espelhos s\u00e3o fabricados com os mais altos padr\u00f5es de qualidade, garantindo clareza, durabilidade e um acabamento impec\u00e1vel. Seja qual for o tamanho, forma ou estilo que voc\u00ea esteja procurando, nossa equipe est\u00e1 aqui para ajudar a criar o espelho perfeito para atender \u00e0s suas necessidades e combinar com o seu&hellip;<\/p>\n","category_list":"","author_info":{"name":"suporte","url":"https:\/\/mcboxepersianas.com.br\/index.php\/author\/suporte\/"},"comments_num":"0 coment\u00e1rio","_links":{"self":[{"href":"https:\/\/mcboxepersianas.com.br\/index.php\/wp-json\/wp\/v2\/pages\/717","targetHints":{"allow":["GET"]}}],"collection":[{"href":"https:\/\/mcboxepersianas.com.br\/index.php\/wp-json\/wp\/v2\/pages"}],"about":[{"href":"https:\/\/mcboxepersianas.com.br\/index.php\/wp-json\/wp\/v2\/types\/page"}],"author":[{"embeddable":true,"href":"https:\/\/mcboxepersianas.com.br\/index.php\/wp-json\/wp\/v2\/users\/1"}],"replies":[{"embeddable":true,"href":"https:\/\/mcboxepersianas.com.br\/index.php\/wp-json\/wp\/v2\/comments?post=717"}],"version-history":[{"count":1,"href":"https:\/\/mcboxepersianas.com.br\/index.php\/wp-json\/wp\/v2\/pages\/717\/revisions"}],"predecessor-version":[{"id":727,"href":"https:\/\/mcboxepersianas.com.br\/index.php\/wp-json\/wp\/v2\/pages\/717\/revisions\/727"}],"wp:attachment":[{"href":"https:\/\/mcboxepersianas.com.br\/index.php\/wp-json\/wp\/v2\/media?parent=717"}],"curies":[{"name":"wp","href":"https:\/\/api.w.org\/{rel}","templated":true}]}}