{"id":708,"date":"2024-04-23T22:53:09","date_gmt":"2024-04-24T01:53:09","guid":{"rendered":"https:\/\/mcboxepersianas.com.br\/?page_id=708"},"modified":"2024-05-26T20:17:01","modified_gmt":"2024-05-26T23:17:01","slug":"cortinas-e-persianas","status":"publish","type":"page","link":"https:\/\/mcboxepersianas.com.br\/index.php\/cortinas-e-persianas\/","title":{"rendered":"Cortinas e Persianas"},"content":{"rendered":"\n<p>Na MC Box e Persianas, entendemos que cada espa\u00e7o \u00e9 \u00fanico e merece uma abordagem personalizada quando se trata de tratamentos de janelas. \u00c9 por isso que oferecemos uma ampla sele\u00e7\u00e3o de cortinas e persianas que combinam estilo, funcionalidade e qualidade superior.<\/p>\n\n\n\n<p>Seja qual for o seu estilo de decora\u00e7\u00e3o &#8211; moderno, cl\u00e1ssico, minimalista ou ecl\u00e9tico &#8211; temos as cortinas e persianas perfeitas para complementar e aprimorar a est\u00e9tica de seus espa\u00e7os. Nossos produtos s\u00e3o fabricados com os melhores materiais, garantindo durabilidade, facilidade de manuten\u00e7\u00e3o e beleza duradoura<\/p>\n\n\n\n<figure class=\"wp-block-gallery has-nested-images columns-4 is-cropped wp-block-gallery-1 is-layout-flex wp-block-gallery-is-layout-flex\">\n<figure class=\"wp-block-image size-large\"><img loading=\"lazy\" decoding=\"async\" width=\"1024\" height=\"1022\" data-id=\"709\" src=\"https:\/\/mcboxepersianas.com.br\/wp-content\/uploads\/2024\/04\/cortina.jpg\" alt=\"\" class=\"wp-image-709\" srcset=\"https:\/\/mcboxepersianas.com.br\/wp-content\/uploads\/2024\/04\/cortina.jpg 1024w, https:\/\/mcboxepersianas.com.br\/wp-content\/uploads\/2024\/04\/cortina-300x300.jpg 300w, https:\/\/mcboxepersianas.com.br\/wp-content\/uploads\/2024\/04\/cortina-150x150.jpg 150w, https:\/\/mcboxepersianas.com.br\/wp-content\/uploads\/2024\/04\/cortina-768x767.jpg 768w\" sizes=\"auto, (max-width: 1024px) 100vw, 1024px\" \/><\/figure>\n\n\n\n<figure class=\"wp-block-image size-large\"><img loading=\"lazy\" decoding=\"async\" width=\"1024\" height=\"768\" data-id=\"710\" src=\"https:\/\/mcboxepersianas.com.br\/wp-content\/uploads\/2024\/04\/IMG-20240404-WA0023.jpg\" alt=\"\" class=\"wp-image-710\" srcset=\"https:\/\/mcboxepersianas.com.br\/wp-content\/uploads\/2024\/04\/IMG-20240404-WA0023.jpg 1024w, https:\/\/mcboxepersianas.com.br\/wp-content\/uploads\/2024\/04\/IMG-20240404-WA0023-300x225.jpg 300w, https:\/\/mcboxepersianas.com.br\/wp-content\/uploads\/2024\/04\/IMG-20240404-WA0023-768x576.jpg 768w\" sizes=\"auto, (max-width: 1024px) 100vw, 1024px\" \/><\/figure>\n\n\n\n<figure class=\"wp-block-image size-large\"><img loading=\"lazy\" decoding=\"async\" width=\"473\" height=\"472\" data-id=\"711\" src=\"https:\/\/mcboxepersianas.com.br\/wp-content\/uploads\/2024\/04\/IMG-20240404-WA0027.jpg\" alt=\"\" class=\"wp-image-711\" srcset=\"https:\/\/mcboxepersianas.com.br\/wp-content\/uploads\/2024\/04\/IMG-20240404-WA0027.jpg 473w, https:\/\/mcboxepersianas.com.br\/wp-content\/uploads\/2024\/04\/IMG-20240404-WA0027-300x300.jpg 300w, https:\/\/mcboxepersianas.com.br\/wp-content\/uploads\/2024\/04\/IMG-20240404-WA0027-150x150.jpg 150w\" sizes=\"auto, (max-width: 473px) 100vw, 473px\" \/><\/figure>\n\n\n\n<figure class=\"wp-block-image size-large\"><img loading=\"lazy\" decoding=\"async\" width=\"768\" height=\"1024\" data-id=\"712\" src=\"https:\/\/mcboxepersianas.com.br\/wp-content\/uploads\/2024\/04\/IMG-20240404-WA0028-768x1024.jpg\" alt=\"\" class=\"wp-image-712\" srcset=\"https:\/\/mcboxepersianas.com.br\/wp-content\/uploads\/2024\/04\/IMG-20240404-WA0028-768x1024.jpg 768w, https:\/\/mcboxepersianas.com.br\/wp-content\/uploads\/2024\/04\/IMG-20240404-WA0028-225x300.jpg 225w, https:\/\/mcboxepersianas.com.br\/wp-content\/uploads\/2024\/04\/IMG-20240404-WA0028-1152x1536.jpg 1152w, https:\/\/mcboxepersianas.com.br\/wp-content\/uploads\/2024\/04\/IMG-20240404-WA0028.jpg 1200w\" sizes=\"auto, (max-width: 768px) 100vw, 768px\" \/><\/figure>\n\n\n\n<figure class=\"wp-block-image size-large\"><img loading=\"lazy\" decoding=\"async\" width=\"414\" height=\"464\" data-id=\"713\" src=\"https:\/\/mcboxepersianas.com.br\/wp-content\/uploads\/2024\/04\/IMG-20240404-WA0030.jpg\" alt=\"\" class=\"wp-image-713\" srcset=\"https:\/\/mcboxepersianas.com.br\/wp-content\/uploads\/2024\/04\/IMG-20240404-WA0030.jpg 414w, https:\/\/mcboxepersianas.com.br\/wp-content\/uploads\/2024\/04\/IMG-20240404-WA0030-268x300.jpg 268w\" sizes=\"auto, (max-width: 414px) 100vw, 414px\" \/><\/figure>\n\n\n\n<figure class=\"wp-block-image size-large\"><img loading=\"lazy\" decoding=\"async\" width=\"1024\" height=\"944\" data-id=\"714\" src=\"https:\/\/mcboxepersianas.com.br\/wp-content\/uploads\/2024\/04\/IMG-20240404-WA0033.jpg\" alt=\"\" class=\"wp-image-714\" srcset=\"https:\/\/mcboxepersianas.com.br\/wp-content\/uploads\/2024\/04\/IMG-20240404-WA0033.jpg 1024w, https:\/\/mcboxepersianas.com.br\/wp-content\/uploads\/2024\/04\/IMG-20240404-WA0033-300x277.jpg 300w, https:\/\/mcboxepersianas.com.br\/wp-content\/uploads\/2024\/04\/IMG-20240404-WA0033-768x708.jpg 768w\" sizes=\"auto, (max-width: 1024px) 100vw, 1024px\" \/><\/figure>\n\n\n\n<figure class=\"wp-block-image size-large\"><img loading=\"lazy\" decoding=\"async\" width=\"455\" height=\"462\" data-id=\"715\" src=\"https:\/\/mcboxepersianas.com.br\/wp-content\/uploads\/2024\/04\/IMG-20240404-WA0034.jpg\" alt=\"\" class=\"wp-image-715\" srcset=\"https:\/\/mcboxepersianas.com.br\/wp-content\/uploads\/2024\/04\/IMG-20240404-WA0034.jpg 455w, https:\/\/mcboxepersianas.com.br\/wp-content\/uploads\/2024\/04\/IMG-20240404-WA0034-295x300.jpg 295w\" sizes=\"auto, (max-width: 455px) 100vw, 455px\" \/><\/figure>\n<\/figure>\n","protected":false},"excerpt":{"rendered":"<p>Na MC Box e Persianas, entendemos que cada espa\u00e7o \u00e9 \u00fanico e merece uma abordagem personalizada quando se trata de tratamentos de janelas. \u00c9 por isso que oferecemos uma ampla sele\u00e7\u00e3o de cortinas e persianas que combinam estilo, funcionalidade e qualidade superior. Seja qual for o seu estilo de decora\u00e7\u00e3o &#8211; moderno, cl\u00e1ssico, minimalista ou [&hellip;]<\/p>\n","protected":false},"author":1,"featured_media":0,"parent":0,"menu_order":0,"comment_status":"closed","ping_status":"closed","template":"","meta":{"_joinchat":[],"footnotes":""},"class_list":["post-708","page","type-page","status-publish","hentry"],"blocksy_meta":[],"featured_image_urls":{"full":"","thumbnail":"","medium":"","medium_large":"","large":"","1536x1536":"","2048x2048":""},"post_excerpt_stackable":"<p>Na MC Box e Persianas, entendemos que cada espa\u00e7o \u00e9 \u00fanico e merece uma abordagem personalizada quando se trata de tratamentos de janelas. \u00c9 por isso que oferecemos uma ampla sele\u00e7\u00e3o de cortinas e persianas que combinam estilo, funcionalidade e qualidade superior. Seja qual for o seu estilo de decora\u00e7\u00e3o &#8211; moderno, cl\u00e1ssico, minimalista ou ecl\u00e9tico &#8211; temos as cortinas e persianas perfeitas para complementar e aprimorar a est\u00e9tica de seus espa\u00e7os. Nossos produtos s\u00e3o fabricados com os melhores materiais, garantindo durabilidade, facilidade de manuten\u00e7\u00e3o e beleza duradoura<\/p>\n","category_list":"","author_info":{"name":"suporte","url":"https:\/\/mcboxepersianas.com.br\/index.php\/author\/suporte\/"},"comments_num":"0 coment\u00e1rio","_links":{"self":[{"href":"https:\/\/mcboxepersianas.com.br\/index.php\/wp-json\/wp\/v2\/pages\/708","targetHints":{"allow":["GET"]}}],"collection":[{"href":"https:\/\/mcboxepersianas.com.br\/index.php\/wp-json\/wp\/v2\/pages"}],"about":[{"href":"https:\/\/mcboxepersianas.com.br\/index.php\/wp-json\/wp\/v2\/types\/page"}],"author":[{"embeddable":true,"href":"https:\/\/mcboxepersianas.com.br\/index.php\/wp-json\/wp\/v2\/users\/1"}],"replies":[{"embeddable":true,"href":"https:\/\/mcboxepersianas.com.br\/index.php\/wp-json\/wp\/v2\/comments?post=708"}],"version-history":[{"count":1,"href":"https:\/\/mcboxepersianas.com.br\/index.php\/wp-json\/wp\/v2\/pages\/708\/revisions"}],"predecessor-version":[{"id":716,"href":"https:\/\/mcboxepersianas.com.br\/index.php\/wp-json\/wp\/v2\/pages\/708\/revisions\/716"}],"wp:attachment":[{"href":"https:\/\/mcboxepersianas.com.br\/index.php\/wp-json\/wp\/v2\/media?parent=708"}],"curies":[{"name":"wp","href":"https:\/\/api.w.org\/{rel}","templated":true}]}}