{"id":703,"date":"2024-04-23T22:51:11","date_gmt":"2024-04-24T01:51:11","guid":{"rendered":"https:\/\/mcboxepersianas.com.br\/?page_id=703"},"modified":"2024-05-26T20:24:34","modified_gmt":"2024-05-26T23:24:34","slug":"telas-de-protecao","status":"publish","type":"page","link":"https:\/\/mcboxepersianas.com.br\/index.php\/telas-de-protecao\/","title":{"rendered":"Telas de Prote\u00e7\u00e3o"},"content":{"rendered":"\n<p>Na MC Box e Persianas, entendemos a import\u00e2ncia de manter sua fam\u00edlia segura e protegida em todos os momentos. \u00c9 por isso que oferecemos uma ampla gama de redes de prote\u00e7\u00e3o de alta qualidade para atender \u00e0s suas necessidades de seguran\u00e7a em casa.<\/p>\n\n\n\n<p>Nossas redes de prote\u00e7\u00e3o s\u00e3o fabricadas com materiais dur\u00e1veis e resistentes, projetados para resistir aos rigores do tempo e fornecer uma barreira confi\u00e1vel contra quedas e acidentes. Seja para proteger janelas, sacadas, varandas ou piscinas, temos as solu\u00e7\u00f5es ideais para garantir a seguran\u00e7a de seus entes queridos.<\/p>\n\n\n\n<p>Al\u00e9m da funcionalidade, nossas redes de prote\u00e7\u00e3o s\u00e3o discretas e se integram perfeitamente \u00e0 est\u00e9tica de sua casa, sem comprometer a beleza de sua vista. Com uma instala\u00e7\u00e3o profissional e r\u00e1pida realizada por nossa equipe experiente, voc\u00ea pode desfrutar da tranquilidade de saber que sua casa est\u00e1 protegida sem sacrificar a apar\u00eancia.<\/p>\n\n\n\n<p>N\u00e3o arrisque a seguran\u00e7a de sua fam\u00edlia. Entre em contato conosco hoje mesmo para agendar uma consulta e descobrir como nossas redes de prote\u00e7\u00e3o podem oferecer tranquilidade e prote\u00e7\u00e3o para voc\u00ea e seus entes queridos. Estamos aqui para ajudar a tornar sua casa um lugar mais seguro e confort\u00e1vel para todos.<\/p>\n\n\n\n<figure class=\"wp-block-gallery has-nested-images columns-default is-cropped wp-block-gallery-1 is-layout-flex wp-block-gallery-is-layout-flex\">\n<figure class=\"wp-block-image size-large\"><img loading=\"lazy\" decoding=\"async\" width=\"1024\" height=\"768\" data-id=\"704\" src=\"https:\/\/mcboxepersianas.com.br\/wp-content\/uploads\/2024\/04\/tela1.jpg\" alt=\"\" class=\"wp-image-704\" srcset=\"https:\/\/mcboxepersianas.com.br\/wp-content\/uploads\/2024\/04\/tela1.jpg 1024w, https:\/\/mcboxepersianas.com.br\/wp-content\/uploads\/2024\/04\/tela1-300x225.jpg 300w, https:\/\/mcboxepersianas.com.br\/wp-content\/uploads\/2024\/04\/tela1-768x576.jpg 768w\" sizes=\"auto, (max-width: 1024px) 100vw, 1024px\" \/><\/figure>\n\n\n\n<figure class=\"wp-block-image size-large\"><img loading=\"lazy\" decoding=\"async\" width=\"1024\" height=\"768\" data-id=\"705\" src=\"https:\/\/mcboxepersianas.com.br\/wp-content\/uploads\/2024\/04\/tela2.jpg\" alt=\"\" class=\"wp-image-705\" srcset=\"https:\/\/mcboxepersianas.com.br\/wp-content\/uploads\/2024\/04\/tela2.jpg 1024w, https:\/\/mcboxepersianas.com.br\/wp-content\/uploads\/2024\/04\/tela2-300x225.jpg 300w, https:\/\/mcboxepersianas.com.br\/wp-content\/uploads\/2024\/04\/tela2-768x576.jpg 768w\" sizes=\"auto, (max-width: 1024px) 100vw, 1024px\" \/><\/figure>\n\n\n\n<figure class=\"wp-block-image size-large\"><img loading=\"lazy\" decoding=\"async\" width=\"1024\" height=\"768\" data-id=\"706\" src=\"https:\/\/mcboxepersianas.com.br\/wp-content\/uploads\/2024\/04\/tela3.jpg\" alt=\"\" class=\"wp-image-706\" srcset=\"https:\/\/mcboxepersianas.com.br\/wp-content\/uploads\/2024\/04\/tela3.jpg 1024w, https:\/\/mcboxepersianas.com.br\/wp-content\/uploads\/2024\/04\/tela3-300x225.jpg 300w, https:\/\/mcboxepersianas.com.br\/wp-content\/uploads\/2024\/04\/tela3-768x576.jpg 768w\" sizes=\"auto, (max-width: 1024px) 100vw, 1024px\" \/><\/figure>\n<\/figure>\n","protected":false},"excerpt":{"rendered":"<p>Na MC Box e Persianas, entendemos a import\u00e2ncia de manter sua fam\u00edlia segura e protegida em todos os momentos. \u00c9 por isso que oferecemos uma ampla gama de redes de prote\u00e7\u00e3o de alta qualidade para atender \u00e0s suas necessidades de seguran\u00e7a em casa. Nossas redes de prote\u00e7\u00e3o s\u00e3o fabricadas com materiais dur\u00e1veis e resistentes, projetados [&hellip;]<\/p>\n","protected":false},"author":1,"featured_media":0,"parent":0,"menu_order":0,"comment_status":"closed","ping_status":"closed","template":"","meta":{"_joinchat":[],"footnotes":""},"class_list":["post-703","page","type-page","status-publish","hentry"],"blocksy_meta":[],"featured_image_urls":{"full":"","thumbnail":"","medium":"","medium_large":"","large":"","1536x1536":"","2048x2048":""},"post_excerpt_stackable":"<p>Na MC Box e Persianas, entendemos a import\u00e2ncia de manter sua fam\u00edlia segura e protegida em todos os momentos. \u00c9 por isso que oferecemos uma ampla gama de redes de prote\u00e7\u00e3o de alta qualidade para atender \u00e0s suas necessidades de seguran\u00e7a em casa. Nossas redes de prote\u00e7\u00e3o s\u00e3o fabricadas com materiais dur\u00e1veis e resistentes, projetados para resistir aos rigores do tempo e fornecer uma barreira confi\u00e1vel contra quedas e acidentes. Seja para proteger janelas, sacadas, varandas ou piscinas, temos as solu\u00e7\u00f5es ideais para garantir a seguran\u00e7a de seus entes queridos. Al\u00e9m da funcionalidade, nossas redes de prote\u00e7\u00e3o s\u00e3o discretas e&hellip;<\/p>\n","category_list":"","author_info":{"name":"suporte","url":"https:\/\/mcboxepersianas.com.br\/index.php\/author\/suporte\/"},"comments_num":"0 coment\u00e1rio","_links":{"self":[{"href":"https:\/\/mcboxepersianas.com.br\/index.php\/wp-json\/wp\/v2\/pages\/703","targetHints":{"allow":["GET"]}}],"collection":[{"href":"https:\/\/mcboxepersianas.com.br\/index.php\/wp-json\/wp\/v2\/pages"}],"about":[{"href":"https:\/\/mcboxepersianas.com.br\/index.php\/wp-json\/wp\/v2\/types\/page"}],"author":[{"embeddable":true,"href":"https:\/\/mcboxepersianas.com.br\/index.php\/wp-json\/wp\/v2\/users\/1"}],"replies":[{"embeddable":true,"href":"https:\/\/mcboxepersianas.com.br\/index.php\/wp-json\/wp\/v2\/comments?post=703"}],"version-history":[{"count":3,"href":"https:\/\/mcboxepersianas.com.br\/index.php\/wp-json\/wp\/v2\/pages\/703\/revisions"}],"predecessor-version":[{"id":763,"href":"https:\/\/mcboxepersianas.com.br\/index.php\/wp-json\/wp\/v2\/pages\/703\/revisions\/763"}],"wp:attachment":[{"href":"https:\/\/mcboxepersianas.com.br\/index.php\/wp-json\/wp\/v2\/media?parent=703"}],"curies":[{"name":"wp","href":"https:\/\/api.w.org\/{rel}","templated":true}]}}